{"id":2,"date":"2015-12-21T08:31:03","date_gmt":"2015-12-21T08:31:03","guid":{"rendered":"http:\/\/themes.muffingroup.com\/be\/blogger2\/?page_id=2"},"modified":"2024-11-19T11:13:05","modified_gmt":"2024-11-19T11:13:05","slug":"home","status":"publish","type":"page","link":"https:\/\/www.vodarenskepohlady.sk\/","title":{"rendered":"Home"},"content":{"rendered":"","protected":false},"excerpt":{"rendered":"","protected":false},"author":1,"featured_media":0,"parent":0,"menu_order":0,"comment_status":"open","ping_status":"open","template":"","meta":{"_monsterinsights_skip_tracking":false,"_monsterinsights_sitenote_active":false,"_monsterinsights_sitenote_note":"","_monsterinsights_sitenote_category":0,"footnotes":""},"class_list":["post-2","page","type-page","status-publish","hentry"],"yoast_head":"<!-- This site is optimized with the Yoast SEO plugin v25.5 - https:\/\/yoast.com\/wordpress\/plugins\/seo\/ -->\n<title>Home - Vod\u00e1rensk\u00e9 Poh\u013eady<\/title>\n<meta name=\"robots\" content=\"index, follow, max-snippet:-1, max-image-preview:large, max-video-preview:-1\" \/>\n<link rel=\"canonical\" href=\"https:\/\/www.vodarenskepohlady.sk\/\" \/>\n<meta property=\"og:locale\" content=\"sk_SK\" \/>\n<meta property=\"og:type\" content=\"article\" \/>\n<meta property=\"og:title\" content=\"Home - Vod\u00e1rensk\u00e9 Poh\u013eady\" \/>\n<meta property=\"og:url\" content=\"https:\/\/www.vodarenskepohlady.sk\/\" \/>\n<meta property=\"og:site_name\" content=\"Vod\u00e1rensk\u00e9 Poh\u013eady\" \/>\n<meta property=\"article:modified_time\" content=\"2024-11-19T11:13:05+00:00\" \/>\n<meta name=\"twitter:card\" content=\"summary_large_image\" \/>\n<script type=\"application\/ld+json\" class=\"yoast-schema-graph\">{\"@context\":\"https:\/\/schema.org\",\"@graph\":[{\"@type\":\"WebPage\",\"@id\":\"https:\/\/www.vodarenskepohlady.sk\/\",\"url\":\"https:\/\/www.vodarenskepohlady.sk\/\",\"name\":\"Home - Vod\u00e1rensk\u00e9 Poh\u013eady\",\"isPartOf\":{\"@id\":\"https:\/\/www.vodarenskepohlady.sk\/#website\"},\"datePublished\":\"2015-12-21T08:31:03+00:00\",\"dateModified\":\"2024-11-19T11:13:05+00:00\",\"breadcrumb\":{\"@id\":\"https:\/\/www.vodarenskepohlady.sk\/#breadcrumb\"},\"inLanguage\":\"sk-SK\",\"potentialAction\":[{\"@type\":\"ReadAction\",\"target\":[\"https:\/\/www.vodarenskepohlady.sk\/\"]}]},{\"@type\":\"BreadcrumbList\",\"@id\":\"https:\/\/www.vodarenskepohlady.sk\/#breadcrumb\",\"itemListElement\":[{\"@type\":\"ListItem\",\"position\":1,\"name\":\"Home\",\"item\":\"https:\/\/www.vodarenskepohlady.sk\/\"},{\"@type\":\"ListItem\",\"position\":2,\"name\":\"Uk\u00e1\u017ekov\u00e1 str\u00e1nka\"}]},{\"@type\":\"WebSite\",\"@id\":\"https:\/\/www.vodarenskepohlady.sk\/#website\",\"url\":\"https:\/\/www.vodarenskepohlady.sk\/\",\"name\":\"Vod\u00e1rensk\u00e9 Poh\u013eady\",\"description\":\"\",\"potentialAction\":[{\"@type\":\"SearchAction\",\"target\":{\"@type\":\"EntryPoint\",\"urlTemplate\":\"https:\/\/www.vodarenskepohlady.sk\/?s={search_term_string}\"},\"query-input\":{\"@type\":\"PropertyValueSpecification\",\"valueRequired\":true,\"valueName\":\"search_term_string\"}}],\"inLanguage\":\"sk-SK\"}]}<\/script>\n<!-- \/ Yoast SEO plugin. -->","yoast_head_json":{"title":"Home - Vod\u00e1rensk\u00e9 Poh\u013eady","robots":{"index":"index","follow":"follow","max-snippet":"max-snippet:-1","max-image-preview":"max-image-preview:large","max-video-preview":"max-video-preview:-1"},"canonical":"https:\/\/www.vodarenskepohlady.sk\/","og_locale":"sk_SK","og_type":"article","og_title":"Home - Vod\u00e1rensk\u00e9 Poh\u013eady","og_url":"https:\/\/www.vodarenskepohlady.sk\/","og_site_name":"Vod\u00e1rensk\u00e9 Poh\u013eady","article_modified_time":"2024-11-19T11:13:05+00:00","twitter_card":"summary_large_image","schema":{"@context":"https:\/\/schema.org","@graph":[{"@type":"WebPage","@id":"https:\/\/www.vodarenskepohlady.sk\/","url":"https:\/\/www.vodarenskepohlady.sk\/","name":"Home - Vod\u00e1rensk\u00e9 Poh\u013eady","isPartOf":{"@id":"https:\/\/www.vodarenskepohlady.sk\/#website"},"datePublished":"2015-12-21T08:31:03+00:00","dateModified":"2024-11-19T11:13:05+00:00","breadcrumb":{"@id":"https:\/\/www.vodarenskepohlady.sk\/#breadcrumb"},"inLanguage":"sk-SK","potentialAction":[{"@type":"ReadAction","target":["https:\/\/www.vodarenskepohlady.sk\/"]}]},{"@type":"BreadcrumbList","@id":"https:\/\/www.vodarenskepohlady.sk\/#breadcrumb","itemListElement":[{"@type":"ListItem","position":1,"name":"Home","item":"https:\/\/www.vodarenskepohlady.sk\/"},{"@type":"ListItem","position":2,"name":"Uk\u00e1\u017ekov\u00e1 str\u00e1nka"}]},{"@type":"WebSite","@id":"https:\/\/www.vodarenskepohlady.sk\/#website","url":"https:\/\/www.vodarenskepohlady.sk\/","name":"Vod\u00e1rensk\u00e9 Poh\u013eady","description":"","potentialAction":[{"@type":"SearchAction","target":{"@type":"EntryPoint","urlTemplate":"https:\/\/www.vodarenskepohlady.sk\/?s={search_term_string}"},"query-input":{"@type":"PropertyValueSpecification","valueRequired":true,"valueName":"search_term_string"}}],"inLanguage":"sk-SK"}]}},"_links":{"self":[{"href":"https:\/\/www.vodarenskepohlady.sk\/index.php?rest_route=\/wp\/v2\/pages\/2","targetHints":{"allow":["GET"]}}],"collection":[{"href":"https:\/\/www.vodarenskepohlady.sk\/index.php?rest_route=\/wp\/v2\/pages"}],"about":[{"href":"https:\/\/www.vodarenskepohlady.sk\/index.php?rest_route=\/wp\/v2\/types\/page"}],"author":[{"embeddable":true,"href":"https:\/\/www.vodarenskepohlady.sk\/index.php?rest_route=\/wp\/v2\/users\/1"}],"replies":[{"embeddable":true,"href":"https:\/\/www.vodarenskepohlady.sk\/index.php?rest_route=%2Fwp%2Fv2%2Fcomments&post=2"}],"version-history":[{"count":0,"href":"https:\/\/www.vodarenskepohlady.sk\/index.php?rest_route=\/wp\/v2\/pages\/2\/revisions"}],"wp:attachment":[{"href":"https:\/\/www.vodarenskepohlady.sk\/index.php?rest_route=%2Fwp%2Fv2%2Fmedia&parent=2"}],"curies":[{"name":"wp","href":"https:\/\/api.w.org\/{rel}","templated":true}]}}